{"id":23,"date":"2025-06-20T10:31:43","date_gmt":"2025-06-20T10:31:43","guid":{"rendered":"https:\/\/frutasmourya.rkinformatika.online\/?page_id=23"},"modified":"2025-06-24T16:02:11","modified_gmt":"2025-06-24T16:02:11","slug":"productos","status":"publish","type":"page","link":"https:\/\/frutasmourya.com\/ca\/productos\/","title":{"rendered":"Productes"},"content":{"rendered":"\t\t<div data-elementor-type=\"wp-page\" data-elementor-id=\"23\" class=\"elementor elementor-23\" data-elementor-post-type=\"page\">\n\t\t\t\t\t\t<section class=\"elementor-section elementor-top-section elementor-element elementor-element-702ef31 elementor-section-full_width elementor-section-height-default elementor-section-height-default\" data-id=\"702ef31\" data-element_type=\"section\" data-e-type=\"section\" data-settings=\"{&quot;background_background&quot;:&quot;classic&quot;,&quot;background_motion_fx_motion_fx_scrolling&quot;:&quot;yes&quot;,&quot;background_motion_fx_devices&quot;:[&quot;desktop&quot;,&quot;tablet&quot;,&quot;mobile&quot;]}\">\n\t\t\t\t\t\t\t<div class=\"elementor-background-overlay\"><\/div>\n\t\t\t\t\t\t\t<div class=\"elementor-container elementor-column-gap-default\">\n\t\t\t\t\t<div class=\"elementor-column elementor-col-100 elementor-top-column elementor-element elementor-element-762805c\" data-id=\"762805c\" data-element_type=\"column\" data-e-type=\"column\">\n\t\t\t<div class=\"elementor-widget-wrap elementor-element-populated\">\n\t\t\t\t\t\t<div class=\"elementor-element elementor-element-67fb8ec elementor-invisible elementor-widget elementor-widget-heading\" data-id=\"67fb8ec\" data-element_type=\"widget\" data-e-type=\"widget\" data-settings=\"{&quot;_animation&quot;:&quot;fadeIn&quot;}\" data-widget_type=\"heading.default\">\n\t\t\t\t<div class=\"elementor-widget-container\">\n\t\t\t\t\t<h1 class=\"elementor-heading-title elementor-size-default\">PRODUCTOS<\/h1>\t\t\t\t<\/div>\n\t\t\t\t<\/div>\n\t\t\t\t<section class=\"elementor-section elementor-inner-section elementor-element elementor-element-42b590a elementor-section-boxed elementor-section-height-default elementor-section-height-default\" data-id=\"42b590a\" data-element_type=\"section\" data-e-type=\"section\">\n\t\t\t\t\t\t<div class=\"elementor-container elementor-column-gap-default\">\n\t\t\t\t\t<div class=\"elementor-column elementor-col-100 elementor-inner-column elementor-element elementor-element-3dc0623\" data-id=\"3dc0623\" data-element_type=\"column\" data-e-type=\"column\">\n\t\t\t<div class=\"elementor-widget-wrap elementor-element-populated\">\n\t\t\t\t\t\t<div class=\"elementor-element elementor-element-59aff44 elementor-invisible elementor-widget elementor-widget-text-editor\" data-id=\"59aff44\" data-element_type=\"widget\" data-e-type=\"widget\" data-settings=\"{&quot;_animation&quot;:&quot;fadeIn&quot;}\" data-widget_type=\"text-editor.default\">\n\t\t\t\t<div class=\"elementor-widget-container\">\n\t\t\t\t\t\t\t\t\t<p>Bebidas y alimentos para cada ocasi\u00f3n.<\/p>\t\t\t\t\t\t\t\t<\/div>\n\t\t\t\t<\/div>\n\t\t\t\t\t<\/div>\n\t\t<\/div>\n\t\t\t\t\t<\/div>\n\t\t<\/section>\n\t\t\t\t\t<\/div>\n\t\t<\/div>\n\t\t\t\t\t<\/div>\n\t\t<\/section>\n\t\t<div class=\"elementor-element elementor-element-964379a e-flex e-con-boxed e-con e-parent\" data-id=\"964379a\" data-element_type=\"container\" data-e-type=\"container\" data-settings=\"{&quot;background_background&quot;:&quot;classic&quot;}\">\n\t\t\t\t\t<div class=\"e-con-inner\">\n\t\t<div class=\"elementor-element elementor-element-27f232e e-con-full e-flex e-con e-child\" data-id=\"27f232e\" data-element_type=\"container\" data-e-type=\"container\" data-settings=\"{&quot;background_background&quot;:&quot;classic&quot;}\">\n\t\t<div class=\"elementor-element elementor-element-506227c e-con-full e-flex e-con e-child\" data-id=\"506227c\" data-element_type=\"container\" data-e-type=\"container\">\n\t\t\t\t<div class=\"elementor-element elementor-element-027474e elementor-widget elementor-widget-heading\" data-id=\"027474e\" data-element_type=\"widget\" data-e-type=\"widget\" data-widget_type=\"heading.default\">\n\t\t\t\t<div class=\"elementor-widget-container\">\n\t\t\t\t\t<h2 class=\"elementor-heading-title elementor-size-default\">Fruter\u00eda y Verduras<\/h2>\t\t\t\t<\/div>\n\t\t\t\t<\/div>\n\t\t\t\t<div class=\"elementor-element elementor-element-528cd20 elementor-widget elementor-widget-text-editor\" data-id=\"528cd20\" data-element_type=\"widget\" data-e-type=\"widget\" data-widget_type=\"text-editor.default\">\n\t\t\t\t<div class=\"elementor-widget-container\">\n\t\t\t\t\t\t\t\t\t<ul><li data-start=\"214\" data-end=\"305\"><p data-start=\"216\" data-end=\"305\">Frutas de temporada: manzanas, peras, pl\u00e1tanos, naranjas, uvas, melones, sand\u00edas y m\u00e1s.<\/p><\/li><li data-start=\"306\" data-end=\"417\"><p data-start=\"308\" data-end=\"417\">Verduras frescas: tomates, cebollas, lechugas, espinacas, patatas, zanahorias, pimientos, calabacines, etc.<\/p><\/li><li data-start=\"418\" data-end=\"488\"><p data-start=\"420\" data-end=\"488\">Hierbas frescas y especias: perejil, cilantro, menta, ajo, jengibre.<\/p><\/li><\/ul>\t\t\t\t\t\t\t\t<\/div>\n\t\t\t\t<\/div>\n\t\t\t\t<\/div>\n\t\t\t\t<\/div>\n\t\t<div class=\"elementor-element elementor-element-6ba1067 e-con-full e-flex e-con e-child\" data-id=\"6ba1067\" data-element_type=\"container\" data-e-type=\"container\" data-settings=\"{&quot;background_background&quot;:&quot;classic&quot;}\">\n\t\t<div class=\"elementor-element elementor-element-40cfab2 e-con-full e-flex e-con e-child\" data-id=\"40cfab2\" data-element_type=\"container\" data-e-type=\"container\">\n\t\t\t\t<div class=\"elementor-element elementor-element-c282217 elementor-widget elementor-widget-heading\" data-id=\"c282217\" data-element_type=\"widget\" data-e-type=\"widget\" data-widget_type=\"heading.default\">\n\t\t\t\t<div class=\"elementor-widget-container\">\n\t\t\t\t\t<h2 class=\"elementor-heading-title elementor-size-default\">Alimentaci\u00f3n<\/h2>\t\t\t\t<\/div>\n\t\t\t\t<\/div>\n\t\t\t\t<div class=\"elementor-element elementor-element-9b68423 elementor-widget elementor-widget-text-editor\" data-id=\"9b68423\" data-element_type=\"widget\" data-e-type=\"widget\" data-widget_type=\"text-editor.default\">\n\t\t\t\t<div class=\"elementor-widget-container\">\n\t\t\t\t\t\t\t\t\t<ul><li data-start=\"512\" data-end=\"581\"><p data-start=\"514\" data-end=\"581\">Productos b\u00e1sicos: arroz, pasta, legumbres, harinas, az\u00facar, sal.<\/p><\/li><li data-start=\"582\" data-end=\"659\"><p data-start=\"584\" data-end=\"659\">Conservas y enlatados: at\u00fan, sardinas, tomate triturado, ma\u00edz dulce, etc.<\/p><\/li><li data-start=\"660\" data-end=\"732\"><p data-start=\"662\" data-end=\"732\">Snacks y dulces: galletas, patatas fritas, chocolates, frutos secos.<\/p><\/li><li data-start=\"733\" data-end=\"775\"><p data-start=\"735\" data-end=\"775\">Pan, productos de boller\u00eda y reposter\u00eda.<\/p><\/li><\/ul>\t\t\t\t\t\t\t\t<\/div>\n\t\t\t\t<\/div>\n\t\t\t\t<\/div>\n\t\t\t\t<\/div>\n\t\t<div class=\"elementor-element elementor-element-445682d e-con-full e-flex e-con e-child\" data-id=\"445682d\" data-element_type=\"container\" data-e-type=\"container\" data-settings=\"{&quot;background_background&quot;:&quot;classic&quot;}\">\n\t\t<div class=\"elementor-element elementor-element-4764abe e-con-full e-flex e-con e-child\" data-id=\"4764abe\" data-element_type=\"container\" data-e-type=\"container\">\n\t\t\t\t<div class=\"elementor-element elementor-element-97d0a32 elementor-widget elementor-widget-heading\" data-id=\"97d0a32\" data-element_type=\"widget\" data-e-type=\"widget\" data-widget_type=\"heading.default\">\n\t\t\t\t<div class=\"elementor-widget-container\">\n\t\t\t\t\t<h2 class=\"elementor-heading-title elementor-size-default\">Bebidas<\/h2>\t\t\t\t<\/div>\n\t\t\t\t<\/div>\n\t\t\t\t<div class=\"elementor-element elementor-element-4e2fdd3 elementor-widget elementor-widget-text-editor\" data-id=\"4e2fdd3\" data-element_type=\"widget\" data-e-type=\"widget\" data-widget_type=\"text-editor.default\">\n\t\t\t\t<div class=\"elementor-widget-container\">\n\t\t\t\t\t\t\t\t\t<ul><li data-start=\"794\" data-end=\"854\"><p data-start=\"796\" data-end=\"854\">Refrescos, aguas minerales, zumos naturales y envasados.<\/p><\/li><li data-start=\"855\" data-end=\"892\"><p data-start=\"857\" data-end=\"892\">Bebidas energ\u00e9ticas y deportivas.<\/p><\/li><li data-start=\"893\" data-end=\"948\"><p data-start=\"895\" data-end=\"948\">Cervezas, vinos, licores y otras bebidas alcoh\u00f3licas.<\/p><\/li><\/ul>\t\t\t\t\t\t\t\t<\/div>\n\t\t\t\t<\/div>\n\t\t\t\t<\/div>\n\t\t\t\t<\/div>\n\t\t<div class=\"elementor-element elementor-element-f20d91b e-con-full e-flex e-con e-child\" data-id=\"f20d91b\" data-element_type=\"container\" data-e-type=\"container\" data-settings=\"{&quot;background_background&quot;:&quot;classic&quot;}\">\n\t\t<div class=\"elementor-element elementor-element-90d91e0 e-con-full e-flex e-con e-child\" data-id=\"90d91e0\" data-element_type=\"container\" data-e-type=\"container\">\n\t\t\t\t<div class=\"elementor-element elementor-element-0840fcd elementor-widget elementor-widget-heading\" data-id=\"0840fcd\" data-element_type=\"widget\" data-e-type=\"widget\" data-widget_type=\"heading.default\">\n\t\t\t\t<div class=\"elementor-widget-container\">\n\t\t\t\t\t<h2 class=\"elementor-heading-title elementor-size-default\">Droguer\u00eda<\/h2>\t\t\t\t<\/div>\n\t\t\t\t<\/div>\n\t\t\t\t<div class=\"elementor-element elementor-element-3b4ff34 elementor-widget elementor-widget-text-editor\" data-id=\"3b4ff34\" data-element_type=\"widget\" data-e-type=\"widget\" data-widget_type=\"text-editor.default\">\n\t\t\t\t<div class=\"elementor-widget-container\">\n\t\t\t\t\t\t\t\t\t<ul><li data-start=\"969\" data-end=\"1060\"><p data-start=\"971\" data-end=\"1060\">Productos de limpieza para el hogar: lej\u00eda, detergentes, suavizantes, limpia cristales.<\/p><\/li><li data-start=\"1061\" data-end=\"1143\"><p data-start=\"1063\" data-end=\"1143\">Higiene personal: jabones, champ\u00fas, geles de ba\u00f1o, papel higi\u00e9nico, toallitas.<\/p><\/li><li data-start=\"1144\" data-end=\"1215\"><p data-start=\"1146\" data-end=\"1215\">Art\u00edculos desechables: servilletas, bolsas, papel de cocina, guantes.<\/p><\/li><\/ul>\t\t\t\t\t\t\t\t<\/div>\n\t\t\t\t<\/div>\n\t\t\t\t<\/div>\n\t\t\t\t<\/div>\n\t\t\t\t\t<\/div>\n\t\t\t\t<\/div>\n\t\t\t\t<section class=\"elementor-section elementor-top-section elementor-element elementor-element-e058ee2 elementor-section-boxed elementor-section-height-default elementor-section-height-default\" data-id=\"e058ee2\" data-element_type=\"section\" data-e-type=\"section\" data-settings=\"{&quot;background_background&quot;:&quot;classic&quot;}\">\n\t\t\t\t\t\t\t<div class=\"elementor-background-overlay\"><\/div>\n\t\t\t\t\t\t\t<div class=\"elementor-container elementor-column-gap-no\">\n\t\t\t\t\t<div class=\"elementor-column elementor-col-100 elementor-top-column elementor-element elementor-element-6a3dcfa\" data-id=\"6a3dcfa\" data-element_type=\"column\" data-e-type=\"column\">\n\t\t\t<div class=\"elementor-widget-wrap elementor-element-populated\">\n\t\t\t\t\t\t<section class=\"elementor-section elementor-inner-section elementor-element elementor-element-836e7a1 elementor-section-full_width elementor-section-height-default elementor-section-height-default\" data-id=\"836e7a1\" data-element_type=\"section\" data-e-type=\"section\">\n\t\t\t\t\t\t<div class=\"elementor-container elementor-column-gap-no\">\n\t\t\t\t\t<div class=\"elementor-column elementor-col-100 elementor-inner-column elementor-element elementor-element-97d72af\" data-id=\"97d72af\" data-element_type=\"column\" data-e-type=\"column\">\n\t\t\t<div class=\"elementor-widget-wrap elementor-element-populated\">\n\t\t\t\t\t\t<div class=\"elementor-element elementor-element-86c32f2 elementor-widget__width-inherit elementor-widget elementor-widget-heading\" data-id=\"86c32f2\" data-element_type=\"widget\" data-e-type=\"widget\" data-widget_type=\"heading.default\">\n\t\t\t\t<div class=\"elementor-widget-container\">\n\t\t\t\t\t<h2 class=\"elementor-heading-title elementor-size-default\">Para pedidos, consultas o sugerencias, no dudes en ponerte en contacto con nosotros<\/h2>\t\t\t\t<\/div>\n\t\t\t\t<\/div>\n\t\t\t\t<div class=\"elementor-element elementor-element-2ed8aa7 elementor-align-center elementor-widget__width-inherit elementor-widget elementor-widget-button\" data-id=\"2ed8aa7\" data-element_type=\"widget\" data-e-type=\"widget\" data-widget_type=\"button.default\">\n\t\t\t\t<div class=\"elementor-widget-container\">\n\t\t\t\t\t\t\t\t\t<div class=\"elementor-button-wrapper\">\n\t\t\t\t\t<a class=\"elementor-button elementor-button-link elementor-size-sm\" href=\"https:\/\/frutasmourya.com\/contacto\/\">\n\t\t\t\t\t\t<span class=\"elementor-button-content-wrapper\">\n\t\t\t\t\t\t\t\t\t<span class=\"elementor-button-text\">Contactos<\/span>\n\t\t\t\t\t<\/span>\n\t\t\t\t\t<\/a>\n\t\t\t\t<\/div>\n\t\t\t\t\t\t\t\t<\/div>\n\t\t\t\t<\/div>\n\t\t\t\t\t<\/div>\n\t\t<\/div>\n\t\t\t\t\t<\/div>\n\t\t<\/section>\n\t\t\t\t\t<\/div>\n\t\t<\/div>\n\t\t\t\t\t<\/div>\n\t\t<\/section>\n\t\t\t\t<\/div>\n\t\t","protected":false},"excerpt":{"rendered":"<p>PRODUCTOS Bebidas y alimentos para cada ocasi\u00f3n. Fruter\u00eda y Verduras Frutas de temporada: manzanas, peras, pl\u00e1tanos, naranjas, uvas, melones, sand\u00edas y m\u00e1s. Verduras frescas: tomates, cebollas, lechugas, espinacas, patatas, zanahorias, pimientos, calabacines, etc. Hierbas frescas y especias: perejil, cilantro, menta, ajo, jengibre. Alimentaci\u00f3n Productos b\u00e1sicos: arroz, pasta, legumbres, harinas, az\u00facar, sal. Conservas y enlatados: at\u00fan, [&hellip;]<\/p>\n","protected":false},"author":1,"featured_media":0,"parent":0,"menu_order":0,"comment_status":"closed","ping_status":"closed","template":"elementor_canvas","meta":{"footnotes":""},"class_list":["post-23","page","type-page","status-publish","hentry"],"yoast_head":"<!-- This site is optimized with the Yoast SEO plugin v27.3 - https:\/\/yoast.com\/product\/yoast-seo-wordpress\/ -->\n<title>Productos - Frutas Mourya<\/title>\n<meta name=\"robots\" content=\"index, follow, max-snippet:-1, max-image-preview:large, max-video-preview:-1\" \/>\n<link rel=\"canonical\" href=\"https:\/\/frutasmourya.com\/ca\/productos\/\" \/>\n<meta property=\"og:locale\" content=\"ca_ES\" \/>\n<meta property=\"og:type\" content=\"article\" \/>\n<meta property=\"og:title\" content=\"Productos - Frutas Mourya\" \/>\n<meta property=\"og:description\" content=\"PRODUCTOS Bebidas y alimentos para cada ocasi\u00f3n. Fruter\u00eda y Verduras Frutas de temporada: manzanas, peras, pl\u00e1tanos, naranjas, uvas, melones, sand\u00edas y m\u00e1s. Verduras frescas: tomates, cebollas, lechugas, espinacas, patatas, zanahorias, pimientos, calabacines, etc. Hierbas frescas y especias: perejil, cilantro, menta, ajo, jengibre. Alimentaci\u00f3n Productos b\u00e1sicos: arroz, pasta, legumbres, harinas, az\u00facar, sal. Conservas y enlatados: at\u00fan, [&hellip;]\" \/>\n<meta property=\"og:url\" content=\"https:\/\/frutasmourya.com\/ca\/productos\/\" \/>\n<meta property=\"og:site_name\" content=\"Frutas Mourya\" \/>\n<meta property=\"article:modified_time\" content=\"2025-06-24T16:02:11+00:00\" \/>\n<meta name=\"twitter:card\" content=\"summary_large_image\" \/>\n<meta name=\"twitter:label1\" content=\"Temps estimat de lectura\" \/>\n\t<meta name=\"twitter:data1\" content=\"1 minut\" \/>\n<script type=\"application\/ld+json\" class=\"yoast-schema-graph\">{\"@context\":\"https:\\\/\\\/schema.org\",\"@graph\":[{\"@type\":\"WebPage\",\"@id\":\"https:\\\/\\\/frutasmourya.com\\\/productos\\\/\",\"url\":\"https:\\\/\\\/frutasmourya.com\\\/productos\\\/\",\"name\":\"Productos - Frutas Mourya\",\"isPartOf\":{\"@id\":\"https:\\\/\\\/frutasmourya.com\\\/#website\"},\"datePublished\":\"2025-06-20T10:31:43+00:00\",\"dateModified\":\"2025-06-24T16:02:11+00:00\",\"breadcrumb\":{\"@id\":\"https:\\\/\\\/frutasmourya.com\\\/productos\\\/#breadcrumb\"},\"inLanguage\":\"ca\",\"potentialAction\":[{\"@type\":\"ReadAction\",\"target\":[\"https:\\\/\\\/frutasmourya.com\\\/productos\\\/\"]}]},{\"@type\":\"BreadcrumbList\",\"@id\":\"https:\\\/\\\/frutasmourya.com\\\/productos\\\/#breadcrumb\",\"itemListElement\":[{\"@type\":\"ListItem\",\"position\":1,\"name\":\"Portada\",\"item\":\"https:\\\/\\\/frutasmourya.com\\\/\"},{\"@type\":\"ListItem\",\"position\":2,\"name\":\"Productos\"}]},{\"@type\":\"WebSite\",\"@id\":\"https:\\\/\\\/frutasmourya.com\\\/#website\",\"url\":\"https:\\\/\\\/frutasmourya.com\\\/\",\"name\":\"Frutas Mourya\",\"description\":\"Fruter\u00eda, vedura y supercercado.\",\"publisher\":{\"@id\":\"https:\\\/\\\/frutasmourya.com\\\/#organization\"},\"potentialAction\":[{\"@type\":\"SearchAction\",\"target\":{\"@type\":\"EntryPoint\",\"urlTemplate\":\"https:\\\/\\\/frutasmourya.com\\\/?s={search_term_string}\"},\"query-input\":{\"@type\":\"PropertyValueSpecification\",\"valueRequired\":true,\"valueName\":\"search_term_string\"}}],\"inLanguage\":\"ca\"},{\"@type\":\"Organization\",\"@id\":\"https:\\\/\\\/frutasmourya.com\\\/#organization\",\"name\":\"Frutas Mourya\",\"url\":\"https:\\\/\\\/frutasmourya.com\\\/\",\"logo\":{\"@type\":\"ImageObject\",\"inLanguage\":\"ca\",\"@id\":\"https:\\\/\\\/frutasmourya.com\\\/#\\\/schema\\\/logo\\\/image\\\/\",\"url\":\"https:\\\/\\\/frutasmourya.com\\\/wp-content\\\/uploads\\\/2025\\\/06\\\/cropped-Frutas-Mourya.png\",\"contentUrl\":\"https:\\\/\\\/frutasmourya.com\\\/wp-content\\\/uploads\\\/2025\\\/06\\\/cropped-Frutas-Mourya.png\",\"width\":438,\"height\":327,\"caption\":\"Frutas Mourya\"},\"image\":{\"@id\":\"https:\\\/\\\/frutasmourya.com\\\/#\\\/schema\\\/logo\\\/image\\\/\"}}]}<\/script>\n<!-- \/ Yoast SEO plugin. -->","yoast_head_json":{"title":"Productos - Frutas Mourya","robots":{"index":"index","follow":"follow","max-snippet":"max-snippet:-1","max-image-preview":"max-image-preview:large","max-video-preview":"max-video-preview:-1"},"canonical":"https:\/\/frutasmourya.com\/ca\/productos\/","og_locale":"ca_ES","og_type":"article","og_title":"Productos - Frutas Mourya","og_description":"PRODUCTOS Bebidas y alimentos para cada ocasi\u00f3n. Fruter\u00eda y Verduras Frutas de temporada: manzanas, peras, pl\u00e1tanos, naranjas, uvas, melones, sand\u00edas y m\u00e1s. Verduras frescas: tomates, cebollas, lechugas, espinacas, patatas, zanahorias, pimientos, calabacines, etc. Hierbas frescas y especias: perejil, cilantro, menta, ajo, jengibre. Alimentaci\u00f3n Productos b\u00e1sicos: arroz, pasta, legumbres, harinas, az\u00facar, sal. Conservas y enlatados: at\u00fan, [&hellip;]","og_url":"https:\/\/frutasmourya.com\/ca\/productos\/","og_site_name":"Frutas Mourya","article_modified_time":"2025-06-24T16:02:11+00:00","twitter_card":"summary_large_image","twitter_misc":{"Temps estimat de lectura":"1 minut"},"schema":{"@context":"https:\/\/schema.org","@graph":[{"@type":"WebPage","@id":"https:\/\/frutasmourya.com\/productos\/","url":"https:\/\/frutasmourya.com\/productos\/","name":"Productos - Frutas Mourya","isPartOf":{"@id":"https:\/\/frutasmourya.com\/#website"},"datePublished":"2025-06-20T10:31:43+00:00","dateModified":"2025-06-24T16:02:11+00:00","breadcrumb":{"@id":"https:\/\/frutasmourya.com\/productos\/#breadcrumb"},"inLanguage":"ca","potentialAction":[{"@type":"ReadAction","target":["https:\/\/frutasmourya.com\/productos\/"]}]},{"@type":"BreadcrumbList","@id":"https:\/\/frutasmourya.com\/productos\/#breadcrumb","itemListElement":[{"@type":"ListItem","position":1,"name":"Portada","item":"https:\/\/frutasmourya.com\/"},{"@type":"ListItem","position":2,"name":"Productos"}]},{"@type":"WebSite","@id":"https:\/\/frutasmourya.com\/#website","url":"https:\/\/frutasmourya.com\/","name":"Fruites Mourya","description":"Fruter\u00eda, vedura y supercercado.","publisher":{"@id":"https:\/\/frutasmourya.com\/#organization"},"potentialAction":[{"@type":"SearchAction","target":{"@type":"EntryPoint","urlTemplate":"https:\/\/frutasmourya.com\/?s={search_term_string}"},"query-input":{"@type":"PropertyValueSpecification","valueRequired":true,"valueName":"search_term_string"}}],"inLanguage":"ca"},{"@type":"Organization","@id":"https:\/\/frutasmourya.com\/#organization","name":"Fruites Mourya","url":"https:\/\/frutasmourya.com\/","logo":{"@type":"ImageObject","inLanguage":"ca","@id":"https:\/\/frutasmourya.com\/#\/schema\/logo\/image\/","url":"https:\/\/frutasmourya.com\/wp-content\/uploads\/2025\/06\/cropped-Frutas-Mourya.png","contentUrl":"https:\/\/frutasmourya.com\/wp-content\/uploads\/2025\/06\/cropped-Frutas-Mourya.png","width":438,"height":327,"caption":"Frutas Mourya"},"image":{"@id":"https:\/\/frutasmourya.com\/#\/schema\/logo\/image\/"}}]}},"_links":{"self":[{"href":"https:\/\/frutasmourya.com\/ca\/wp-json\/wp\/v2\/pages\/23","targetHints":{"allow":["GET"]}}],"collection":[{"href":"https:\/\/frutasmourya.com\/ca\/wp-json\/wp\/v2\/pages"}],"about":[{"href":"https:\/\/frutasmourya.com\/ca\/wp-json\/wp\/v2\/types\/page"}],"author":[{"embeddable":true,"href":"https:\/\/frutasmourya.com\/ca\/wp-json\/wp\/v2\/users\/1"}],"replies":[{"embeddable":true,"href":"https:\/\/frutasmourya.com\/ca\/wp-json\/wp\/v2\/comments?post=23"}],"version-history":[{"count":40,"href":"https:\/\/frutasmourya.com\/ca\/wp-json\/wp\/v2\/pages\/23\/revisions"}],"predecessor-version":[{"id":236,"href":"https:\/\/frutasmourya.com\/ca\/wp-json\/wp\/v2\/pages\/23\/revisions\/236"}],"wp:attachment":[{"href":"https:\/\/frutasmourya.com\/ca\/wp-json\/wp\/v2\/media?parent=23"}],"curies":[{"name":"wp","href":"https:\/\/api.w.org\/{rel}","templated":true}]}}