{"id":20,"date":"2025-06-20T10:31:15","date_gmt":"2025-06-20T10:31:15","guid":{"rendered":"https:\/\/frutasmourya.rkinformatika.online\/?page_id=20"},"modified":"2025-06-24T15:16:57","modified_gmt":"2025-06-24T15:16:57","slug":"inicio","status":"publish","type":"page","link":"https:\/\/frutasmourya.com\/ca\/","title":{"rendered":"Inici"},"content":{"rendered":"\t\t<div data-elementor-type=\"wp-page\" data-elementor-id=\"20\" class=\"elementor elementor-20\" data-elementor-post-type=\"page\">\n\t\t\t\t\t\t<section class=\"elementor-section elementor-top-section elementor-element elementor-element-89391ff elementor-section-full_width elementor-section-height-default elementor-section-height-default\" data-id=\"89391ff\" data-element_type=\"section\" data-e-type=\"section\" data-settings=\"{&quot;background_background&quot;:&quot;classic&quot;,&quot;background_motion_fx_motion_fx_scrolling&quot;:&quot;yes&quot;,&quot;background_motion_fx_devices&quot;:[&quot;desktop&quot;,&quot;tablet&quot;,&quot;mobile&quot;]}\">\n\t\t\t\t\t\t\t<div class=\"elementor-background-overlay\"><\/div>\n\t\t\t\t\t\t\t<div class=\"elementor-container elementor-column-gap-default\">\n\t\t\t\t\t<div class=\"elementor-column elementor-col-100 elementor-top-column elementor-element elementor-element-dad18d0\" data-id=\"dad18d0\" data-element_type=\"column\" data-e-type=\"column\">\n\t\t\t<div class=\"elementor-widget-wrap elementor-element-populated\">\n\t\t\t\t\t\t<div class=\"elementor-element elementor-element-4e02623 elementor-invisible elementor-widget elementor-widget-heading\" data-id=\"4e02623\" data-element_type=\"widget\" data-e-type=\"widget\" data-settings=\"{&quot;_animation&quot;:&quot;fadeIn&quot;}\" data-widget_type=\"heading.default\">\n\t\t\t\t<div class=\"elementor-widget-container\">\n\t\t\t\t\t<h1 class=\"elementor-heading-title elementor-size-default\">Frutas Mourya<\/h1>\t\t\t\t<\/div>\n\t\t\t\t<\/div>\n\t\t\t\t<section class=\"elementor-section elementor-inner-section elementor-element elementor-element-c4f166a elementor-section-boxed elementor-section-height-default elementor-section-height-default\" data-id=\"c4f166a\" data-element_type=\"section\" data-e-type=\"section\">\n\t\t\t\t\t\t<div class=\"elementor-container elementor-column-gap-default\">\n\t\t\t\t\t<div class=\"elementor-column elementor-col-100 elementor-inner-column elementor-element elementor-element-19f6432\" data-id=\"19f6432\" data-element_type=\"column\" data-e-type=\"column\">\n\t\t\t<div class=\"elementor-widget-wrap elementor-element-populated\">\n\t\t\t\t\t\t<div class=\"elementor-element elementor-element-9282429 elementor-invisible elementor-widget elementor-widget-text-editor\" data-id=\"9282429\" data-element_type=\"widget\" data-e-type=\"widget\" data-settings=\"{&quot;_animation&quot;:&quot;fadeIn&quot;}\" data-widget_type=\"text-editor.default\">\n\t\t\t\t<div class=\"elementor-widget-container\">\n\t\t\t\t\t\t\t\t\t<p>Todo lo que necesitas para tu despensa.<\/p>\t\t\t\t\t\t\t\t<\/div>\n\t\t\t\t<\/div>\n\t\t\t\t\t<\/div>\n\t\t<\/div>\n\t\t\t\t\t<\/div>\n\t\t<\/section>\n\t\t\t\t\t<\/div>\n\t\t<\/div>\n\t\t\t\t\t<\/div>\n\t\t<\/section>\n\t\t\t\t<section class=\"elementor-section elementor-top-section elementor-element elementor-element-39b1a9a elementor-section-boxed elementor-section-height-default elementor-section-height-default\" data-id=\"39b1a9a\" data-element_type=\"section\" data-e-type=\"section\" data-settings=\"{&quot;background_background&quot;:&quot;classic&quot;}\">\n\t\t\t\t\t\t<div class=\"elementor-container elementor-column-gap-no\">\n\t\t\t\t\t<div class=\"elementor-column elementor-col-50 elementor-top-column elementor-element elementor-element-2de5af6\" data-id=\"2de5af6\" data-element_type=\"column\" data-e-type=\"column\">\n\t\t\t<div class=\"elementor-widget-wrap elementor-element-populated\">\n\t\t\t\t\t\t<div class=\"elementor-element elementor-element-6e6034f elementor-invisible elementor-widget elementor-widget-heading\" data-id=\"6e6034f\" data-element_type=\"widget\" data-e-type=\"widget\" data-settings=\"{&quot;_animation&quot;:&quot;fadeInLeft&quot;}\" data-widget_type=\"heading.default\">\n\t\t\t\t<div class=\"elementor-widget-container\">\n\t\t\t\t\t<h2 class=\"elementor-heading-title elementor-size-default\">Sobre nosotros<\/h2>\t\t\t\t<\/div>\n\t\t\t\t<\/div>\n\t\t\t\t<div class=\"elementor-element elementor-element-79e0927 elementor-widget elementor-widget-text-editor\" data-id=\"79e0927\" data-element_type=\"widget\" data-e-type=\"widget\" data-widget_type=\"text-editor.default\">\n\t\t\t\t<div class=\"elementor-widget-container\">\n\t\t\t\t\t\t\t\t\t<p>Frutas Mourya es una fruter\u00eda y supermercado familiar con m\u00e1s de 16 a\u00f1os de experiencia en el coraz\u00f3n de Gerona. Desde nuestros inicios, nos hemos comprometido a ofrecer productos frescos, de calidad y al mejor precio, siempre con un trato cercano y personalizado.<\/p><p>En nuestro local encontrar\u00e1s mucho m\u00e1s que frutas y verduras: contamos con una amplia selecci\u00f3n de productos de alimentaci\u00f3n, bebidas, y tambi\u00e9n una secci\u00f3n de droguer\u00eda, todo pensado para hacerte la vida m\u00e1s f\u00e1cil.<\/p><p>Cada d\u00eda trabajamos con dedicaci\u00f3n para que nuestros clientes se sientan como en casa. Gracias por confiar en Frutas Mourya, tu supermercado de confianza en Gerona.<\/p>\t\t\t\t\t\t\t\t<\/div>\n\t\t\t\t<\/div>\n\t\t\t\t\t<\/div>\n\t\t<\/div>\n\t\t\t\t<div class=\"elementor-column elementor-col-50 elementor-top-column elementor-element elementor-element-5c30389\" data-id=\"5c30389\" data-element_type=\"column\" data-e-type=\"column\" data-settings=\"{&quot;background_background&quot;:&quot;classic&quot;}\">\n\t\t\t<div class=\"elementor-widget-wrap elementor-element-populated\">\n\t\t\t\t\t\t<div class=\"elementor-element elementor-element-c45105c elementor-widget elementor-widget-image\" data-id=\"c45105c\" data-element_type=\"widget\" data-e-type=\"widget\" data-widget_type=\"image.default\">\n\t\t\t\t<div class=\"elementor-widget-container\">\n\t\t\t\t\t\t\t\t\t\t\t\t\t\t\t<img fetchpriority=\"high\" decoding=\"async\" width=\"1500\" height=\"1000\" src=\"https:\/\/frutasmourya.com\/wp-content\/uploads\/2025\/06\/9925.jpg\" class=\"attachment-full size-full wp-image-129\" alt=\"\" srcset=\"https:\/\/frutasmourya.com\/wp-content\/uploads\/2025\/06\/9925.jpg 1500w, https:\/\/frutasmourya.com\/wp-content\/uploads\/2025\/06\/9925-300x200.jpg 300w, https:\/\/frutasmourya.com\/wp-content\/uploads\/2025\/06\/9925-1024x683.jpg 1024w, https:\/\/frutasmourya.com\/wp-content\/uploads\/2025\/06\/9925-768x512.jpg 768w, https:\/\/frutasmourya.com\/wp-content\/uploads\/2025\/06\/9925-18x12.jpg 18w\" sizes=\"(max-width: 1500px) 100vw, 1500px\" \/>\t\t\t\t\t\t\t\t\t\t\t\t\t\t\t<\/div>\n\t\t\t\t<\/div>\n\t\t\t\t\t<\/div>\n\t\t<\/div>\n\t\t\t\t\t<\/div>\n\t\t<\/section>\n\t\t\t\t<section class=\"elementor-section elementor-top-section elementor-element elementor-element-6e86860 elementor-section-boxed elementor-section-height-default elementor-section-height-default\" data-id=\"6e86860\" data-element_type=\"section\" data-e-type=\"section\" data-settings=\"{&quot;background_background&quot;:&quot;classic&quot;}\">\n\t\t\t\t\t\t\t<div class=\"elementor-background-overlay\"><\/div>\n\t\t\t\t\t\t\t<div class=\"elementor-container elementor-column-gap-no\">\n\t\t\t\t\t<div class=\"elementor-column elementor-col-100 elementor-top-column elementor-element elementor-element-53d421e\" data-id=\"53d421e\" data-element_type=\"column\" data-e-type=\"column\">\n\t\t\t<div class=\"elementor-widget-wrap elementor-element-populated\">\n\t\t\t\t\t\t<section class=\"elementor-section elementor-inner-section elementor-element elementor-element-c2e387f elementor-section-full_width elementor-section-height-default elementor-section-height-default\" data-id=\"c2e387f\" data-element_type=\"section\" data-e-type=\"section\">\n\t\t\t\t\t\t<div class=\"elementor-container elementor-column-gap-no\">\n\t\t\t\t\t<div class=\"elementor-column elementor-col-100 elementor-inner-column elementor-element elementor-element-86ed282\" data-id=\"86ed282\" data-element_type=\"column\" data-e-type=\"column\">\n\t\t\t<div class=\"elementor-widget-wrap elementor-element-populated\">\n\t\t\t\t\t\t<div class=\"elementor-element elementor-element-e64ead4 elementor-widget__width-inherit elementor-widget elementor-widget-heading\" data-id=\"e64ead4\" data-element_type=\"widget\" data-e-type=\"widget\" data-widget_type=\"heading.default\">\n\t\t\t\t<div class=\"elementor-widget-container\">\n\t\t\t\t\t<h2 class=\"elementor-heading-title elementor-size-default\">Tu fruter\u00eda y supermercado de confianza en Gerona<\/h2>\t\t\t\t<\/div>\n\t\t\t\t<\/div>\n\t\t\t\t<div class=\"elementor-element elementor-element-4c41465 elementor-align-center elementor-widget__width-inherit elementor-widget elementor-widget-button\" data-id=\"4c41465\" data-element_type=\"widget\" data-e-type=\"widget\" data-widget_type=\"button.default\">\n\t\t\t\t<div class=\"elementor-widget-container\">\n\t\t\t\t\t\t\t\t\t<div class=\"elementor-button-wrapper\">\n\t\t\t\t\t<a class=\"elementor-button elementor-button-link elementor-size-sm\" href=\"https:\/\/frutasmourya.com\/productos\/\">\n\t\t\t\t\t\t<span class=\"elementor-button-content-wrapper\">\n\t\t\t\t\t\t\t\t\t<span class=\"elementor-button-text\">Productos<\/span>\n\t\t\t\t\t<\/span>\n\t\t\t\t\t<\/a>\n\t\t\t\t<\/div>\n\t\t\t\t\t\t\t\t<\/div>\n\t\t\t\t<\/div>\n\t\t\t\t\t<\/div>\n\t\t<\/div>\n\t\t\t\t\t<\/div>\n\t\t<\/section>\n\t\t\t\t\t<\/div>\n\t\t<\/div>\n\t\t\t\t\t<\/div>\n\t\t<\/section>\n\t\t\t\t<\/div>\n\t\t","protected":false},"excerpt":{"rendered":"<p>Frutas Mourya Todo lo que necesitas para tu despensa. Sobre nosotros Frutas Mourya es una fruter\u00eda y supermercado familiar con m\u00e1s de 16 a\u00f1os de experiencia en el coraz\u00f3n de Gerona. Desde nuestros inicios, nos hemos comprometido a ofrecer productos frescos, de calidad y al mejor precio, siempre con un trato cercano y personalizado. En [&hellip;]<\/p>\n","protected":false},"author":1,"featured_media":0,"parent":0,"menu_order":0,"comment_status":"closed","ping_status":"closed","template":"elementor_canvas","meta":{"footnotes":""},"class_list":["post-20","page","type-page","status-publish","hentry"],"yoast_head":"<!-- This site is optimized with the Yoast SEO plugin v27.3 - https:\/\/yoast.com\/product\/yoast-seo-wordpress\/ -->\n<title>Inicio - Frutas Mourya<\/title>\n<meta name=\"robots\" content=\"index, follow, max-snippet:-1, max-image-preview:large, max-video-preview:-1\" \/>\n<link rel=\"canonical\" href=\"https:\/\/frutasmourya.com\/ca\/\" \/>\n<meta property=\"og:locale\" content=\"ca_ES\" \/>\n<meta property=\"og:type\" content=\"article\" \/>\n<meta property=\"og:title\" content=\"Inicio - Frutas Mourya\" \/>\n<meta property=\"og:description\" content=\"Frutas Mourya Todo lo que necesitas para tu despensa. Sobre nosotros Frutas Mourya es una fruter\u00eda y supermercado familiar con m\u00e1s de 16 a\u00f1os de experiencia en el coraz\u00f3n de Gerona. Desde nuestros inicios, nos hemos comprometido a ofrecer productos frescos, de calidad y al mejor precio, siempre con un trato cercano y personalizado. En [&hellip;]\" \/>\n<meta property=\"og:url\" content=\"https:\/\/frutasmourya.com\/ca\/\" \/>\n<meta property=\"og:site_name\" content=\"Frutas Mourya\" \/>\n<meta property=\"article:modified_time\" content=\"2025-06-24T15:16:57+00:00\" \/>\n<meta property=\"og:image\" content=\"https:\/\/frutasmourya.com\/wp-content\/uploads\/2025\/06\/9925.jpg\" \/>\n<meta name=\"twitter:card\" content=\"summary_large_image\" \/>\n<meta name=\"twitter:label1\" content=\"Temps estimat de lectura\" \/>\n\t<meta name=\"twitter:data1\" content=\"1 minut\" \/>\n<script type=\"application\/ld+json\" class=\"yoast-schema-graph\">{\"@context\":\"https:\\\/\\\/schema.org\",\"@graph\":[{\"@type\":\"WebPage\",\"@id\":\"https:\\\/\\\/frutasmourya.com\\\/\",\"url\":\"https:\\\/\\\/frutasmourya.com\\\/\",\"name\":\"Inicio - Frutas Mourya\",\"isPartOf\":{\"@id\":\"https:\\\/\\\/frutasmourya.com\\\/#website\"},\"primaryImageOfPage\":{\"@id\":\"https:\\\/\\\/frutasmourya.com\\\/#primaryimage\"},\"image\":{\"@id\":\"https:\\\/\\\/frutasmourya.com\\\/#primaryimage\"},\"thumbnailUrl\":\"https:\\\/\\\/frutasmourya.com\\\/wp-content\\\/uploads\\\/2025\\\/06\\\/9925.jpg\",\"datePublished\":\"2025-06-20T10:31:15+00:00\",\"dateModified\":\"2025-06-24T15:16:57+00:00\",\"breadcrumb\":{\"@id\":\"https:\\\/\\\/frutasmourya.com\\\/#breadcrumb\"},\"inLanguage\":\"ca\",\"potentialAction\":[{\"@type\":\"ReadAction\",\"target\":[\"https:\\\/\\\/frutasmourya.com\\\/\"]}]},{\"@type\":\"ImageObject\",\"inLanguage\":\"ca\",\"@id\":\"https:\\\/\\\/frutasmourya.com\\\/#primaryimage\",\"url\":\"https:\\\/\\\/frutasmourya.com\\\/wp-content\\\/uploads\\\/2025\\\/06\\\/9925.jpg\",\"contentUrl\":\"https:\\\/\\\/frutasmourya.com\\\/wp-content\\\/uploads\\\/2025\\\/06\\\/9925.jpg\"},{\"@type\":\"BreadcrumbList\",\"@id\":\"https:\\\/\\\/frutasmourya.com\\\/#breadcrumb\",\"itemListElement\":[{\"@type\":\"ListItem\",\"position\":1,\"name\":\"Portada\",\"item\":\"https:\\\/\\\/frutasmourya.com\\\/\"},{\"@type\":\"ListItem\",\"position\":2,\"name\":\"Inicio\"}]},{\"@type\":\"WebSite\",\"@id\":\"https:\\\/\\\/frutasmourya.com\\\/#website\",\"url\":\"https:\\\/\\\/frutasmourya.com\\\/\",\"name\":\"Frutas Mourya\",\"description\":\"Fruter\u00eda, vedura y supercercado.\",\"publisher\":{\"@id\":\"https:\\\/\\\/frutasmourya.com\\\/#organization\"},\"potentialAction\":[{\"@type\":\"SearchAction\",\"target\":{\"@type\":\"EntryPoint\",\"urlTemplate\":\"https:\\\/\\\/frutasmourya.com\\\/?s={search_term_string}\"},\"query-input\":{\"@type\":\"PropertyValueSpecification\",\"valueRequired\":true,\"valueName\":\"search_term_string\"}}],\"inLanguage\":\"ca\"},{\"@type\":\"Organization\",\"@id\":\"https:\\\/\\\/frutasmourya.com\\\/#organization\",\"name\":\"Frutas Mourya\",\"url\":\"https:\\\/\\\/frutasmourya.com\\\/\",\"logo\":{\"@type\":\"ImageObject\",\"inLanguage\":\"ca\",\"@id\":\"https:\\\/\\\/frutasmourya.com\\\/#\\\/schema\\\/logo\\\/image\\\/\",\"url\":\"https:\\\/\\\/frutasmourya.com\\\/wp-content\\\/uploads\\\/2025\\\/06\\\/cropped-Frutas-Mourya.png\",\"contentUrl\":\"https:\\\/\\\/frutasmourya.com\\\/wp-content\\\/uploads\\\/2025\\\/06\\\/cropped-Frutas-Mourya.png\",\"width\":438,\"height\":327,\"caption\":\"Frutas Mourya\"},\"image\":{\"@id\":\"https:\\\/\\\/frutasmourya.com\\\/#\\\/schema\\\/logo\\\/image\\\/\"}}]}<\/script>\n<!-- \/ Yoast SEO plugin. -->","yoast_head_json":{"title":"Inicio - Frutas Mourya","robots":{"index":"index","follow":"follow","max-snippet":"max-snippet:-1","max-image-preview":"max-image-preview:large","max-video-preview":"max-video-preview:-1"},"canonical":"https:\/\/frutasmourya.com\/ca\/","og_locale":"ca_ES","og_type":"article","og_title":"Inicio - Frutas Mourya","og_description":"Frutas Mourya Todo lo que necesitas para tu despensa. Sobre nosotros Frutas Mourya es una fruter\u00eda y supermercado familiar con m\u00e1s de 16 a\u00f1os de experiencia en el coraz\u00f3n de Gerona. Desde nuestros inicios, nos hemos comprometido a ofrecer productos frescos, de calidad y al mejor precio, siempre con un trato cercano y personalizado. En [&hellip;]","og_url":"https:\/\/frutasmourya.com\/ca\/","og_site_name":"Frutas Mourya","article_modified_time":"2025-06-24T15:16:57+00:00","og_image":[{"url":"https:\/\/frutasmourya.com\/wp-content\/uploads\/2025\/06\/9925.jpg","type":"","width":"","height":""}],"twitter_card":"summary_large_image","twitter_misc":{"Temps estimat de lectura":"1 minut"},"schema":{"@context":"https:\/\/schema.org","@graph":[{"@type":"WebPage","@id":"https:\/\/frutasmourya.com\/","url":"https:\/\/frutasmourya.com\/","name":"Inicio - Frutas Mourya","isPartOf":{"@id":"https:\/\/frutasmourya.com\/#website"},"primaryImageOfPage":{"@id":"https:\/\/frutasmourya.com\/#primaryimage"},"image":{"@id":"https:\/\/frutasmourya.com\/#primaryimage"},"thumbnailUrl":"https:\/\/frutasmourya.com\/wp-content\/uploads\/2025\/06\/9925.jpg","datePublished":"2025-06-20T10:31:15+00:00","dateModified":"2025-06-24T15:16:57+00:00","breadcrumb":{"@id":"https:\/\/frutasmourya.com\/#breadcrumb"},"inLanguage":"ca","potentialAction":[{"@type":"ReadAction","target":["https:\/\/frutasmourya.com\/"]}]},{"@type":"ImageObject","inLanguage":"ca","@id":"https:\/\/frutasmourya.com\/#primaryimage","url":"https:\/\/frutasmourya.com\/wp-content\/uploads\/2025\/06\/9925.jpg","contentUrl":"https:\/\/frutasmourya.com\/wp-content\/uploads\/2025\/06\/9925.jpg"},{"@type":"BreadcrumbList","@id":"https:\/\/frutasmourya.com\/#breadcrumb","itemListElement":[{"@type":"ListItem","position":1,"name":"Portada","item":"https:\/\/frutasmourya.com\/"},{"@type":"ListItem","position":2,"name":"Inicio"}]},{"@type":"WebSite","@id":"https:\/\/frutasmourya.com\/#website","url":"https:\/\/frutasmourya.com\/","name":"Fruites Mourya","description":"Fruter\u00eda, vedura y supercercado.","publisher":{"@id":"https:\/\/frutasmourya.com\/#organization"},"potentialAction":[{"@type":"SearchAction","target":{"@type":"EntryPoint","urlTemplate":"https:\/\/frutasmourya.com\/?s={search_term_string}"},"query-input":{"@type":"PropertyValueSpecification","valueRequired":true,"valueName":"search_term_string"}}],"inLanguage":"ca"},{"@type":"Organization","@id":"https:\/\/frutasmourya.com\/#organization","name":"Fruites Mourya","url":"https:\/\/frutasmourya.com\/","logo":{"@type":"ImageObject","inLanguage":"ca","@id":"https:\/\/frutasmourya.com\/#\/schema\/logo\/image\/","url":"https:\/\/frutasmourya.com\/wp-content\/uploads\/2025\/06\/cropped-Frutas-Mourya.png","contentUrl":"https:\/\/frutasmourya.com\/wp-content\/uploads\/2025\/06\/cropped-Frutas-Mourya.png","width":438,"height":327,"caption":"Frutas Mourya"},"image":{"@id":"https:\/\/frutasmourya.com\/#\/schema\/logo\/image\/"}}]}},"_links":{"self":[{"href":"https:\/\/frutasmourya.com\/ca\/wp-json\/wp\/v2\/pages\/20","targetHints":{"allow":["GET"]}}],"collection":[{"href":"https:\/\/frutasmourya.com\/ca\/wp-json\/wp\/v2\/pages"}],"about":[{"href":"https:\/\/frutasmourya.com\/ca\/wp-json\/wp\/v2\/types\/page"}],"author":[{"embeddable":true,"href":"https:\/\/frutasmourya.com\/ca\/wp-json\/wp\/v2\/users\/1"}],"replies":[{"embeddable":true,"href":"https:\/\/frutasmourya.com\/ca\/wp-json\/wp\/v2\/comments?post=20"}],"version-history":[{"count":40,"href":"https:\/\/frutasmourya.com\/ca\/wp-json\/wp\/v2\/pages\/20\/revisions"}],"predecessor-version":[{"id":147,"href":"https:\/\/frutasmourya.com\/ca\/wp-json\/wp\/v2\/pages\/20\/revisions\/147"}],"wp:attachment":[{"href":"https:\/\/frutasmourya.com\/ca\/wp-json\/wp\/v2\/media?parent=20"}],"curies":[{"name":"wp","href":"https:\/\/api.w.org\/{rel}","templated":true}]}}